{"id":6980,"date":"2021-11-03T10:00:02","date_gmt":"2021-11-03T09:00:02","guid":{"rendered":"https:\/\/www.saglietto.it\/shop\/sagliettopigato-superiorebarba-ninin-flasche-0-75lt\/"},"modified":"2025-07-07T11:14:09","modified_gmt":"2025-07-07T09:14:09","slug":"sagliettopigato-superiorebarba-ninin-flasche-0-75lt","status":"publish","type":"product","link":"https:\/\/www.saglietto.it\/de\/shop\/sagliettopigato-superiorebarba-ninin-flasche-0-75lt\/","title":{"rendered":"Saglietto Pigato Superiore &#8222;BARBA NININ\u201c 2023 Flasche 0.75L"},"content":{"rendered":"<h2>Westliche Ligurische Riviera<\/h2>\n<h4>Jahr 2023<\/h4>\n<p>Ein strukturierter und harmonischer Wei\u00dfwein, der in der Lage ist, sich mit der Zeit weiterzuentwickeln.<br \/>\nEs ist goldgelb, mit ausgezeichneter Brillanz. In der Nase zeigen sich subtile Noten von wei\u00dfen Fr\u00fcchten, begleitet von Empfindungen von mediterranem Gestr\u00fcpp. Am Gaumen entwickelt er einen hervorragenden K\u00f6rper und Struktur, hat einen vollen und einh\u00fcllenden Geschmack. Im Finale schlie\u00dft sich mit warmen Empfindungen.<\/p>\n<p>Volumen: 13,5 %.<\/p>\n<p><a href=\"https:\/\/www.saglietto.it\/wp-content\/uploads\/2024\/11\/Scheda-Tecnica_Vini-Saglietto-RLP_Barba-Ninin-2022_EN.pdf\" target=\"_blank\" rel=\"noopener\"><button class=\"button-schedetec\">Technical Data Sheet<\/button><\/a><\/p>\n","protected":false},"excerpt":{"rendered":"<p>Westliche Ligurische Riviera Jahr 2023 Ein strukturierter und harmonischer Wei\u00dfwein, der in der Lage ist, sich mit der Zeit weiterzuentwickeln. Es ist goldgelb, mit ausgezeichneter Brillanz. In der Nase zeigen sich subtile Noten von wei\u00dfen Fr\u00fcchten, begleitet von Empfindungen von mediterranem Gestr\u00fcpp. Am Gaumen entwickelt er einen hervorragenden K\u00f6rper und Struktur, hat einen vollen und [&hellip;]<\/p>\n","protected":false},"featured_media":8156,"template":"","meta":[],"product_brand":[],"product_cat":[40],"product_tag":[],"class_list":{"0":"post-6980","1":"product","2":"type-product","3":"status-publish","4":"has-post-thumbnail","6":"product_cat-non-categorizzato-de","8":"first","9":"instock","10":"shipping-taxable","11":"purchasable","12":"product-type-simple"},"yoast_head":"<!-- This site is optimized with the Yoast SEO plugin v27.5 - https:\/\/yoast.com\/product\/yoast-seo-wordpress\/ -->\n<title>Saglietto Pigato Superiore &quot;BARBA NININ\u201c 2023 Flasche 0.75L | Agriturismo Saglietto<\/title>\n<meta name=\"robots\" content=\"index, follow, max-snippet:-1, max-image-preview:large, max-video-preview:-1\" \/>\n<link rel=\"canonical\" href=\"https:\/\/www.saglietto.it\/de\/shop\/sagliettopigato-superiorebarba-ninin-flasche-0-75lt\/\" \/>\n<meta property=\"og:locale\" content=\"de_DE\" \/>\n<meta property=\"og:type\" content=\"article\" \/>\n<meta property=\"og:title\" content=\"Saglietto Pigato Superiore &quot;BARBA NININ\u201c 2023 Flasche 0.75L | Agriturismo Saglietto\" \/>\n<meta property=\"og:description\" content=\"Westliche Ligurische Riviera Jahr 2023 Ein strukturierter und harmonischer Wei\u00dfwein, der in der Lage ist, sich mit der Zeit weiterzuentwickeln. Es ist goldgelb, mit ausgezeichneter Brillanz. In der Nase zeigen sich subtile Noten von wei\u00dfen Fr\u00fcchten, begleitet von Empfindungen von mediterranem Gestr\u00fcpp. Am Gaumen entwickelt er einen hervorragenden K\u00f6rper und Struktur, hat einen vollen und [&hellip;]\" \/>\n<meta property=\"og:url\" content=\"https:\/\/www.saglietto.it\/de\/shop\/sagliettopigato-superiorebarba-ninin-flasche-0-75lt\/\" \/>\n<meta property=\"og:site_name\" content=\"Agriturismo Saglietto\" \/>\n<meta property=\"article:modified_time\" content=\"2025-07-07T09:14:09+00:00\" \/>\n<meta property=\"og:image\" content=\"https:\/\/www.saglietto.it\/wp-content\/uploads\/2021\/11\/barba-ninin-vendita-vino-pigato.jpg\" \/>\n\t<meta property=\"og:image:width\" content=\"400\" \/>\n\t<meta property=\"og:image:height\" content=\"600\" \/>\n\t<meta property=\"og:image:type\" content=\"image\/jpeg\" \/>\n<meta name=\"twitter:card\" content=\"summary_large_image\" \/>\n<meta name=\"twitter:label1\" content=\"Gesch\u00e4tzte Lesezeit\" \/>\n\t<meta name=\"twitter:data1\" content=\"1\u00a0Minute\" \/>\n<script type=\"application\/ld+json\" class=\"yoast-schema-graph\">{\"@context\":\"https:\\\/\\\/schema.org\",\"@graph\":[{\"@type\":\"WebPage\",\"@id\":\"https:\\\/\\\/www.saglietto.it\\\/de\\\/shop\\\/sagliettopigato-superiorebarba-ninin-flasche-0-75lt\\\/\",\"url\":\"https:\\\/\\\/www.saglietto.it\\\/de\\\/shop\\\/sagliettopigato-superiorebarba-ninin-flasche-0-75lt\\\/\",\"name\":\"Saglietto Pigato Superiore \\\"BARBA NININ\u201c 2023 Flasche 0.75L | Agriturismo Saglietto\",\"isPartOf\":{\"@id\":\"https:\\\/\\\/www.saglietto.it\\\/#website\"},\"primaryImageOfPage\":{\"@id\":\"https:\\\/\\\/www.saglietto.it\\\/de\\\/shop\\\/sagliettopigato-superiorebarba-ninin-flasche-0-75lt\\\/#primaryimage\"},\"image\":{\"@id\":\"https:\\\/\\\/www.saglietto.it\\\/de\\\/shop\\\/sagliettopigato-superiorebarba-ninin-flasche-0-75lt\\\/#primaryimage\"},\"thumbnailUrl\":\"https:\\\/\\\/www.saglietto.it\\\/wp-content\\\/uploads\\\/2021\\\/11\\\/barba-ninin-vendita-vino-pigato.jpg\",\"datePublished\":\"2021-11-03T09:00:02+00:00\",\"dateModified\":\"2025-07-07T09:14:09+00:00\",\"breadcrumb\":{\"@id\":\"https:\\\/\\\/www.saglietto.it\\\/de\\\/shop\\\/sagliettopigato-superiorebarba-ninin-flasche-0-75lt\\\/#breadcrumb\"},\"inLanguage\":\"de\",\"potentialAction\":[{\"@type\":\"ReadAction\",\"target\":[\"https:\\\/\\\/www.saglietto.it\\\/de\\\/shop\\\/sagliettopigato-superiorebarba-ninin-flasche-0-75lt\\\/\"]}]},{\"@type\":\"ImageObject\",\"inLanguage\":\"de\",\"@id\":\"https:\\\/\\\/www.saglietto.it\\\/de\\\/shop\\\/sagliettopigato-superiorebarba-ninin-flasche-0-75lt\\\/#primaryimage\",\"url\":\"https:\\\/\\\/www.saglietto.it\\\/wp-content\\\/uploads\\\/2021\\\/11\\\/barba-ninin-vendita-vino-pigato.jpg\",\"contentUrl\":\"https:\\\/\\\/www.saglietto.it\\\/wp-content\\\/uploads\\\/2021\\\/11\\\/barba-ninin-vendita-vino-pigato.jpg\",\"width\":400,\"height\":600},{\"@type\":\"BreadcrumbList\",\"@id\":\"https:\\\/\\\/www.saglietto.it\\\/de\\\/shop\\\/sagliettopigato-superiorebarba-ninin-flasche-0-75lt\\\/#breadcrumb\",\"itemListElement\":[{\"@type\":\"ListItem\",\"position\":1,\"name\":\"Home\",\"item\":\"https:\\\/\\\/www.saglietto.it\\\/\"},{\"@type\":\"ListItem\",\"position\":2,\"name\":\"Shop\",\"item\":\"https:\\\/\\\/www.saglietto.it\\\/de\\\/shop\\\/\"},{\"@type\":\"ListItem\",\"position\":3,\"name\":\"Saglietto Pigato Superiore &#8222;BARBA NININ\u201c 2023 Flasche 0.75L\"}]},{\"@type\":\"WebSite\",\"@id\":\"https:\\\/\\\/www.saglietto.it\\\/#website\",\"url\":\"https:\\\/\\\/www.saglietto.it\\\/\",\"name\":\"Agriturismo Saglietto\",\"description\":\"Sapori e Accoglienza\",\"potentialAction\":[{\"@type\":\"SearchAction\",\"target\":{\"@type\":\"EntryPoint\",\"urlTemplate\":\"https:\\\/\\\/www.saglietto.it\\\/?s={search_term_string}\"},\"query-input\":{\"@type\":\"PropertyValueSpecification\",\"valueRequired\":true,\"valueName\":\"search_term_string\"}}],\"inLanguage\":\"de\"}]}<\/script>\n<!-- \/ Yoast SEO plugin. -->","yoast_head_json":{"title":"Saglietto Pigato Superiore \"BARBA NININ\u201c 2023 Flasche 0.75L | Agriturismo Saglietto","robots":{"index":"index","follow":"follow","max-snippet":"max-snippet:-1","max-image-preview":"max-image-preview:large","max-video-preview":"max-video-preview:-1"},"canonical":"https:\/\/www.saglietto.it\/de\/shop\/sagliettopigato-superiorebarba-ninin-flasche-0-75lt\/","og_locale":"de_DE","og_type":"article","og_title":"Saglietto Pigato Superiore \"BARBA NININ\u201c 2023 Flasche 0.75L | Agriturismo Saglietto","og_description":"Westliche Ligurische Riviera Jahr 2023 Ein strukturierter und harmonischer Wei\u00dfwein, der in der Lage ist, sich mit der Zeit weiterzuentwickeln. Es ist goldgelb, mit ausgezeichneter Brillanz. In der Nase zeigen sich subtile Noten von wei\u00dfen Fr\u00fcchten, begleitet von Empfindungen von mediterranem Gestr\u00fcpp. Am Gaumen entwickelt er einen hervorragenden K\u00f6rper und Struktur, hat einen vollen und [&hellip;]","og_url":"https:\/\/www.saglietto.it\/de\/shop\/sagliettopigato-superiorebarba-ninin-flasche-0-75lt\/","og_site_name":"Agriturismo Saglietto","article_modified_time":"2025-07-07T09:14:09+00:00","og_image":[{"width":400,"height":600,"url":"https:\/\/www.saglietto.it\/wp-content\/uploads\/2021\/11\/barba-ninin-vendita-vino-pigato.jpg","type":"image\/jpeg"}],"twitter_card":"summary_large_image","twitter_misc":{"Gesch\u00e4tzte Lesezeit":"1\u00a0Minute"},"schema":{"@context":"https:\/\/schema.org","@graph":[{"@type":"WebPage","@id":"https:\/\/www.saglietto.it\/de\/shop\/sagliettopigato-superiorebarba-ninin-flasche-0-75lt\/","url":"https:\/\/www.saglietto.it\/de\/shop\/sagliettopigato-superiorebarba-ninin-flasche-0-75lt\/","name":"Saglietto Pigato Superiore \"BARBA NININ\u201c 2023 Flasche 0.75L | Agriturismo Saglietto","isPartOf":{"@id":"https:\/\/www.saglietto.it\/#website"},"primaryImageOfPage":{"@id":"https:\/\/www.saglietto.it\/de\/shop\/sagliettopigato-superiorebarba-ninin-flasche-0-75lt\/#primaryimage"},"image":{"@id":"https:\/\/www.saglietto.it\/de\/shop\/sagliettopigato-superiorebarba-ninin-flasche-0-75lt\/#primaryimage"},"thumbnailUrl":"https:\/\/www.saglietto.it\/wp-content\/uploads\/2021\/11\/barba-ninin-vendita-vino-pigato.jpg","datePublished":"2021-11-03T09:00:02+00:00","dateModified":"2025-07-07T09:14:09+00:00","breadcrumb":{"@id":"https:\/\/www.saglietto.it\/de\/shop\/sagliettopigato-superiorebarba-ninin-flasche-0-75lt\/#breadcrumb"},"inLanguage":"de","potentialAction":[{"@type":"ReadAction","target":["https:\/\/www.saglietto.it\/de\/shop\/sagliettopigato-superiorebarba-ninin-flasche-0-75lt\/"]}]},{"@type":"ImageObject","inLanguage":"de","@id":"https:\/\/www.saglietto.it\/de\/shop\/sagliettopigato-superiorebarba-ninin-flasche-0-75lt\/#primaryimage","url":"https:\/\/www.saglietto.it\/wp-content\/uploads\/2021\/11\/barba-ninin-vendita-vino-pigato.jpg","contentUrl":"https:\/\/www.saglietto.it\/wp-content\/uploads\/2021\/11\/barba-ninin-vendita-vino-pigato.jpg","width":400,"height":600},{"@type":"BreadcrumbList","@id":"https:\/\/www.saglietto.it\/de\/shop\/sagliettopigato-superiorebarba-ninin-flasche-0-75lt\/#breadcrumb","itemListElement":[{"@type":"ListItem","position":1,"name":"Home","item":"https:\/\/www.saglietto.it\/"},{"@type":"ListItem","position":2,"name":"Shop","item":"https:\/\/www.saglietto.it\/de\/shop\/"},{"@type":"ListItem","position":3,"name":"Saglietto Pigato Superiore &#8222;BARBA NININ\u201c 2023 Flasche 0.75L"}]},{"@type":"WebSite","@id":"https:\/\/www.saglietto.it\/#website","url":"https:\/\/www.saglietto.it\/","name":"Agriturismo Saglietto","description":"Sapori e Accoglienza","potentialAction":[{"@type":"SearchAction","target":{"@type":"EntryPoint","urlTemplate":"https:\/\/www.saglietto.it\/?s={search_term_string}"},"query-input":{"@type":"PropertyValueSpecification","valueRequired":true,"valueName":"search_term_string"}}],"inLanguage":"de"}]}},"_links":{"self":[{"href":"https:\/\/www.saglietto.it\/de\/wp-json\/wp\/v2\/product\/6980","targetHints":{"allow":["GET"]}}],"collection":[{"href":"https:\/\/www.saglietto.it\/de\/wp-json\/wp\/v2\/product"}],"about":[{"href":"https:\/\/www.saglietto.it\/de\/wp-json\/wp\/v2\/types\/product"}],"wp:featuredmedia":[{"embeddable":true,"href":"https:\/\/www.saglietto.it\/de\/wp-json\/wp\/v2\/media\/8156"}],"wp:attachment":[{"href":"https:\/\/www.saglietto.it\/de\/wp-json\/wp\/v2\/media?parent=6980"}],"wp:term":[{"taxonomy":"product_brand","embeddable":true,"href":"https:\/\/www.saglietto.it\/de\/wp-json\/wp\/v2\/product_brand?post=6980"},{"taxonomy":"product_cat","embeddable":true,"href":"https:\/\/www.saglietto.it\/de\/wp-json\/wp\/v2\/product_cat?post=6980"},{"taxonomy":"product_tag","embeddable":true,"href":"https:\/\/www.saglietto.it\/de\/wp-json\/wp\/v2\/product_tag?post=6980"}],"curies":[{"name":"wp","href":"https:\/\/api.w.org\/{rel}","templated":true}]}}