{"id":4385,"date":"2020-11-23T12:52:16","date_gmt":"2020-11-23T11:52:16","guid":{"rendered":"https:\/\/www.saglietto.it\/prodotto\/grappa-pigato\/"},"modified":"2025-09-13T14:37:06","modified_gmt":"2025-09-13T12:37:06","slug":"grappa-pigato","status":"publish","type":"product","link":"https:\/\/www.saglietto.it\/de\/shop\/grappa-pigato\/","title":{"rendered":"Grappa aus PigatoFlasche 0,50 lt"},"content":{"rendered":"<p>Ausgew\u00e4hlter Trester aus den am besten geeigneten Gebieten der ligurischen Riviera.<\/p>\n<p>Sorgf\u00e4ltige Recherche und Auswahl von feinem frischem Trester, der reich an wei\u00dfen Trauben aus den besten ligurischen Weinbergen von Pigato und Vermentino ist.<\/p>\n<p>Au\u00dfergew\u00f6hnliche ligurische Rebsorte aus den am besten geeigneten Gebieten der ligurischen Riviera: Das ist das Geheimnis kurz zusammengefasst, hinter diesem jungen Grappa mit begrenzter Produktion in kleinen Mengen.<\/p>\n<p>Die aufeinanderfolgenden Stufen der G\u00e4rung, des Kochens und der Destillation unter dem wachsamen Auge des Brennmeisters, machen diesen wei\u00dfen Grappa mit einer einzigen Traube zu einem seltenen und einzigartigen Handwerksprodukt, im Namen der aufrichtigsten ligurischen Bauerntradition, die Sie vom ersten Schluck an \u00fcberraschen wird, mit einem angenehmen W\u00e4rmegef\u00fchl in S\u00fc\u00dfe \u00fcbergehend.<\/p>\n","protected":false},"excerpt":{"rendered":"<p>Ausgew\u00e4hlter Trester aus den am besten geeigneten Gebieten der ligurischen Riviera. Sorgf\u00e4ltige Recherche und Auswahl von feinem frischem Trester, der reich an wei\u00dfen Trauben aus den besten ligurischen Weinbergen von Pigato und Vermentino ist. Au\u00dfergew\u00f6hnliche ligurische Rebsorte aus den am besten geeigneten Gebieten der ligurischen Riviera: Das ist das Geheimnis kurz zusammengefasst, hinter diesem jungen [&hellip;]<\/p>\n","protected":false},"featured_media":3952,"template":"","meta":[],"product_brand":[],"product_cat":[37],"product_tag":[],"class_list":{"0":"post-4385","1":"product","2":"type-product","3":"status-publish","4":"has-post-thumbnail","6":"product_cat-unkategorisiert","8":"first","9":"instock","10":"shipping-taxable","11":"purchasable","12":"product-type-simple"},"yoast_head":"<!-- This site is optimized with the Yoast SEO plugin v27.5 - https:\/\/yoast.com\/product\/yoast-seo-wordpress\/ -->\n<title>Grappa aus PigatoFlasche 0,50 lt | Agriturismo Saglietto<\/title>\n<meta name=\"robots\" content=\"index, follow, max-snippet:-1, max-image-preview:large, max-video-preview:-1\" \/>\n<link rel=\"canonical\" href=\"https:\/\/www.saglietto.it\/de\/shop\/grappa-pigato\/\" \/>\n<meta property=\"og:locale\" content=\"de_DE\" \/>\n<meta property=\"og:type\" content=\"article\" \/>\n<meta property=\"og:title\" content=\"Grappa aus PigatoFlasche 0,50 lt | Agriturismo Saglietto\" \/>\n<meta property=\"og:description\" content=\"Ausgew\u00e4hlter Trester aus den am besten geeigneten Gebieten der ligurischen Riviera. Sorgf\u00e4ltige Recherche und Auswahl von feinem frischem Trester, der reich an wei\u00dfen Trauben aus den besten ligurischen Weinbergen von Pigato und Vermentino ist. Au\u00dfergew\u00f6hnliche ligurische Rebsorte aus den am besten geeigneten Gebieten der ligurischen Riviera: Das ist das Geheimnis kurz zusammengefasst, hinter diesem jungen [&hellip;]\" \/>\n<meta property=\"og:url\" content=\"https:\/\/www.saglietto.it\/de\/shop\/grappa-pigato\/\" \/>\n<meta property=\"og:site_name\" content=\"Agriturismo Saglietto\" \/>\n<meta property=\"article:modified_time\" content=\"2025-09-13T12:37:06+00:00\" \/>\n<meta property=\"og:image\" content=\"https:\/\/www.saglietto.it\/wp-content\/uploads\/2020\/11\/grappa-pigato-vendita-saglietto.jpg\" \/>\n\t<meta property=\"og:image:width\" content=\"400\" \/>\n\t<meta property=\"og:image:height\" content=\"599\" \/>\n\t<meta property=\"og:image:type\" content=\"image\/jpeg\" \/>\n<meta name=\"twitter:card\" content=\"summary_large_image\" \/>\n<meta name=\"twitter:label1\" content=\"Gesch\u00e4tzte Lesezeit\" \/>\n\t<meta name=\"twitter:data1\" content=\"1\u00a0Minute\" \/>\n<script type=\"application\/ld+json\" class=\"yoast-schema-graph\">{\"@context\":\"https:\\\/\\\/schema.org\",\"@graph\":[{\"@type\":\"WebPage\",\"@id\":\"https:\\\/\\\/www.saglietto.it\\\/de\\\/shop\\\/grappa-pigato\\\/\",\"url\":\"https:\\\/\\\/www.saglietto.it\\\/de\\\/shop\\\/grappa-pigato\\\/\",\"name\":\"Grappa aus PigatoFlasche 0,50 lt | Agriturismo Saglietto\",\"isPartOf\":{\"@id\":\"https:\\\/\\\/www.saglietto.it\\\/#website\"},\"primaryImageOfPage\":{\"@id\":\"https:\\\/\\\/www.saglietto.it\\\/de\\\/shop\\\/grappa-pigato\\\/#primaryimage\"},\"image\":{\"@id\":\"https:\\\/\\\/www.saglietto.it\\\/de\\\/shop\\\/grappa-pigato\\\/#primaryimage\"},\"thumbnailUrl\":\"https:\\\/\\\/www.saglietto.it\\\/wp-content\\\/uploads\\\/2020\\\/11\\\/grappa-pigato-vendita-saglietto.jpg\",\"datePublished\":\"2020-11-23T11:52:16+00:00\",\"dateModified\":\"2025-09-13T12:37:06+00:00\",\"breadcrumb\":{\"@id\":\"https:\\\/\\\/www.saglietto.it\\\/de\\\/shop\\\/grappa-pigato\\\/#breadcrumb\"},\"inLanguage\":\"de\",\"potentialAction\":[{\"@type\":\"ReadAction\",\"target\":[\"https:\\\/\\\/www.saglietto.it\\\/de\\\/shop\\\/grappa-pigato\\\/\"]}]},{\"@type\":\"ImageObject\",\"inLanguage\":\"de\",\"@id\":\"https:\\\/\\\/www.saglietto.it\\\/de\\\/shop\\\/grappa-pigato\\\/#primaryimage\",\"url\":\"https:\\\/\\\/www.saglietto.it\\\/wp-content\\\/uploads\\\/2020\\\/11\\\/grappa-pigato-vendita-saglietto.jpg\",\"contentUrl\":\"https:\\\/\\\/www.saglietto.it\\\/wp-content\\\/uploads\\\/2020\\\/11\\\/grappa-pigato-vendita-saglietto.jpg\",\"width\":400,\"height\":599},{\"@type\":\"BreadcrumbList\",\"@id\":\"https:\\\/\\\/www.saglietto.it\\\/de\\\/shop\\\/grappa-pigato\\\/#breadcrumb\",\"itemListElement\":[{\"@type\":\"ListItem\",\"position\":1,\"name\":\"Home\",\"item\":\"https:\\\/\\\/www.saglietto.it\\\/\"},{\"@type\":\"ListItem\",\"position\":2,\"name\":\"Shop\",\"item\":\"https:\\\/\\\/www.saglietto.it\\\/de\\\/shop\\\/\"},{\"@type\":\"ListItem\",\"position\":3,\"name\":\"Grappa aus PigatoFlasche 0,50 lt\"}]},{\"@type\":\"WebSite\",\"@id\":\"https:\\\/\\\/www.saglietto.it\\\/#website\",\"url\":\"https:\\\/\\\/www.saglietto.it\\\/\",\"name\":\"Agriturismo Saglietto\",\"description\":\"Sapori e Accoglienza\",\"potentialAction\":[{\"@type\":\"SearchAction\",\"target\":{\"@type\":\"EntryPoint\",\"urlTemplate\":\"https:\\\/\\\/www.saglietto.it\\\/?s={search_term_string}\"},\"query-input\":{\"@type\":\"PropertyValueSpecification\",\"valueRequired\":true,\"valueName\":\"search_term_string\"}}],\"inLanguage\":\"de\"}]}<\/script>\n<!-- \/ Yoast SEO plugin. -->","yoast_head_json":{"title":"Grappa aus PigatoFlasche 0,50 lt | Agriturismo Saglietto","robots":{"index":"index","follow":"follow","max-snippet":"max-snippet:-1","max-image-preview":"max-image-preview:large","max-video-preview":"max-video-preview:-1"},"canonical":"https:\/\/www.saglietto.it\/de\/shop\/grappa-pigato\/","og_locale":"de_DE","og_type":"article","og_title":"Grappa aus PigatoFlasche 0,50 lt | Agriturismo Saglietto","og_description":"Ausgew\u00e4hlter Trester aus den am besten geeigneten Gebieten der ligurischen Riviera. Sorgf\u00e4ltige Recherche und Auswahl von feinem frischem Trester, der reich an wei\u00dfen Trauben aus den besten ligurischen Weinbergen von Pigato und Vermentino ist. Au\u00dfergew\u00f6hnliche ligurische Rebsorte aus den am besten geeigneten Gebieten der ligurischen Riviera: Das ist das Geheimnis kurz zusammengefasst, hinter diesem jungen [&hellip;]","og_url":"https:\/\/www.saglietto.it\/de\/shop\/grappa-pigato\/","og_site_name":"Agriturismo Saglietto","article_modified_time":"2025-09-13T12:37:06+00:00","og_image":[{"width":400,"height":599,"url":"https:\/\/www.saglietto.it\/wp-content\/uploads\/2020\/11\/grappa-pigato-vendita-saglietto.jpg","type":"image\/jpeg"}],"twitter_card":"summary_large_image","twitter_misc":{"Gesch\u00e4tzte Lesezeit":"1\u00a0Minute"},"schema":{"@context":"https:\/\/schema.org","@graph":[{"@type":"WebPage","@id":"https:\/\/www.saglietto.it\/de\/shop\/grappa-pigato\/","url":"https:\/\/www.saglietto.it\/de\/shop\/grappa-pigato\/","name":"Grappa aus PigatoFlasche 0,50 lt | Agriturismo Saglietto","isPartOf":{"@id":"https:\/\/www.saglietto.it\/#website"},"primaryImageOfPage":{"@id":"https:\/\/www.saglietto.it\/de\/shop\/grappa-pigato\/#primaryimage"},"image":{"@id":"https:\/\/www.saglietto.it\/de\/shop\/grappa-pigato\/#primaryimage"},"thumbnailUrl":"https:\/\/www.saglietto.it\/wp-content\/uploads\/2020\/11\/grappa-pigato-vendita-saglietto.jpg","datePublished":"2020-11-23T11:52:16+00:00","dateModified":"2025-09-13T12:37:06+00:00","breadcrumb":{"@id":"https:\/\/www.saglietto.it\/de\/shop\/grappa-pigato\/#breadcrumb"},"inLanguage":"de","potentialAction":[{"@type":"ReadAction","target":["https:\/\/www.saglietto.it\/de\/shop\/grappa-pigato\/"]}]},{"@type":"ImageObject","inLanguage":"de","@id":"https:\/\/www.saglietto.it\/de\/shop\/grappa-pigato\/#primaryimage","url":"https:\/\/www.saglietto.it\/wp-content\/uploads\/2020\/11\/grappa-pigato-vendita-saglietto.jpg","contentUrl":"https:\/\/www.saglietto.it\/wp-content\/uploads\/2020\/11\/grappa-pigato-vendita-saglietto.jpg","width":400,"height":599},{"@type":"BreadcrumbList","@id":"https:\/\/www.saglietto.it\/de\/shop\/grappa-pigato\/#breadcrumb","itemListElement":[{"@type":"ListItem","position":1,"name":"Home","item":"https:\/\/www.saglietto.it\/"},{"@type":"ListItem","position":2,"name":"Shop","item":"https:\/\/www.saglietto.it\/de\/shop\/"},{"@type":"ListItem","position":3,"name":"Grappa aus PigatoFlasche 0,50 lt"}]},{"@type":"WebSite","@id":"https:\/\/www.saglietto.it\/#website","url":"https:\/\/www.saglietto.it\/","name":"Agriturismo Saglietto","description":"Sapori e Accoglienza","potentialAction":[{"@type":"SearchAction","target":{"@type":"EntryPoint","urlTemplate":"https:\/\/www.saglietto.it\/?s={search_term_string}"},"query-input":{"@type":"PropertyValueSpecification","valueRequired":true,"valueName":"search_term_string"}}],"inLanguage":"de"}]}},"_links":{"self":[{"href":"https:\/\/www.saglietto.it\/de\/wp-json\/wp\/v2\/product\/4385","targetHints":{"allow":["GET"]}}],"collection":[{"href":"https:\/\/www.saglietto.it\/de\/wp-json\/wp\/v2\/product"}],"about":[{"href":"https:\/\/www.saglietto.it\/de\/wp-json\/wp\/v2\/types\/product"}],"wp:featuredmedia":[{"embeddable":true,"href":"https:\/\/www.saglietto.it\/de\/wp-json\/wp\/v2\/media\/3952"}],"wp:attachment":[{"href":"https:\/\/www.saglietto.it\/de\/wp-json\/wp\/v2\/media?parent=4385"}],"wp:term":[{"taxonomy":"product_brand","embeddable":true,"href":"https:\/\/www.saglietto.it\/de\/wp-json\/wp\/v2\/product_brand?post=4385"},{"taxonomy":"product_cat","embeddable":true,"href":"https:\/\/www.saglietto.it\/de\/wp-json\/wp\/v2\/product_cat?post=4385"},{"taxonomy":"product_tag","embeddable":true,"href":"https:\/\/www.saglietto.it\/de\/wp-json\/wp\/v2\/product_tag?post=4385"}],"curies":[{"name":"wp","href":"https:\/\/api.w.org\/{rel}","templated":true}]}}